{"id":1890,"date":"2019-04-16T10:17:48","date_gmt":"2019-04-16T10:17:48","guid":{"rendered":"https:\/\/trejodelicatessen.com\/producto\/paleta-reserva-esquer-20-mesos-d-o-guijuelo-es-c\/"},"modified":"2019-04-16T10:17:48","modified_gmt":"2019-04-16T10:17:48","slug":"paleta-reserva-esquer-20-mesos-d-o-guijuelo-es-c","status":"publish","type":"product","link":"https:\/\/trejodelicatessen.com\/ca\/producto\/paleta-reserva-esquer-20-mesos-d-o-guijuelo-es-c\/","title":{"rendered":"Paleta Reserva esquer 20 mesos D.O. Guijuelo (Es.c.)"},"content":{"rendered":"<p><P> Extremitat anterior, tallada a nivell de l&#8217;esc\u00e0pula humeral fins a la h\u00famer radial, amb m\u00e0 i ossos, que inclou la pe\u00e7a osteomuscular \u00edntegra, procedent de porcs adults amb una alimentaci\u00f3 d&#8217;engreix, sotmesa al corresponent proc\u00e9s de sala\u00f3 i curat-maduraci\u00f3 . <br \/>\nEl temps d&#8217;assecat m\u00ednim \u00e9s de: <br \/>\n\uf0b7 365 dies: independentment del pes de la pe\u00e7a. <br \/>\nINGREDIENTS: Espatlla de porc ib\u00e8ric de gla, sal comuna, sucres, sin\u00e8rgic antioxidant (E-331) i conservadors (E-250 i E-252). <\/ P><\/p>\n","protected":false},"excerpt":{"rendered":"<p><P> <strong> PRESENTACI\u00d3: <\/ strong> Llescat <\/p>\n<p><P> Pes aproximat 0,8 kg <\/p>\n","protected":false},"featured_media":1856,"comment_status":"open","ping_status":"closed","template":"","meta":{"_et_pb_use_builder":"","_et_pb_old_content":"","_et_gb_content_width":""},"product_brand":[],"product_cat":[54],"product_tag":[],"class_list":{"0":"post-1890","1":"product","2":"type-product","3":"status-publish","4":"has-post-thumbnail","6":"product_cat-paletes-iberiques-ca","8":"first","9":"onbackorder","10":"taxable","11":"shipping-taxable","12":"purchasable","13":"product-type-simple"},"_links":{"self":[{"href":"https:\/\/trejodelicatessen.com\/ca\/wp-json\/wp\/v2\/product\/1890","targetHints":{"allow":["GET"]}}],"collection":[{"href":"https:\/\/trejodelicatessen.com\/ca\/wp-json\/wp\/v2\/product"}],"about":[{"href":"https:\/\/trejodelicatessen.com\/ca\/wp-json\/wp\/v2\/types\/product"}],"replies":[{"embeddable":true,"href":"https:\/\/trejodelicatessen.com\/ca\/wp-json\/wp\/v2\/comments?post=1890"}],"wp:featuredmedia":[{"embeddable":true,"href":"https:\/\/trejodelicatessen.com\/ca\/wp-json\/wp\/v2\/media\/1856"}],"wp:attachment":[{"href":"https:\/\/trejodelicatessen.com\/ca\/wp-json\/wp\/v2\/media?parent=1890"}],"wp:term":[{"taxonomy":"product_brand","embeddable":true,"href":"https:\/\/trejodelicatessen.com\/ca\/wp-json\/wp\/v2\/product_brand?post=1890"},{"taxonomy":"product_cat","embeddable":true,"href":"https:\/\/trejodelicatessen.com\/ca\/wp-json\/wp\/v2\/product_cat?post=1890"},{"taxonomy":"product_tag","embeddable":true,"href":"https:\/\/trejodelicatessen.com\/ca\/wp-json\/wp\/v2\/product_tag?post=1890"}],"curies":[{"name":"wp","href":"https:\/\/api.w.org\/{rel}","templated":true}]}}