{"id":1361,"date":"2018-09-27T07:32:23","date_gmt":"2018-09-27T07:32:23","guid":{"rendered":"https:\/\/trejodelicatessen.com\/producto\/jamon-iberico-de-bellota-d-o-guijuelo-75\/"},"modified":"2019-04-11T16:08:03","modified_gmt":"2019-04-11T16:08:03","slug":"pernil-iberic-de-gla-d-o-guijuelo-75","status":"publish","type":"product","link":"https:\/\/trejodelicatessen.com\/ca\/producto\/pernil-iberic-de-gla-d-o-guijuelo-75\/","title":{"rendered":"Pernil ib\u00e8ric de gla D.O. Guijuelo 75%"},"content":{"rendered":"<p>[et_pb_section admin_label=&#8221;section&#8221;]<br \/>\n\t\t[et_pb_row admin_label=&#8221;row&#8221;]<br \/>\n\t\t\t[et_pb_column type=&#8221;4_4&#8243;][et_pb_text admin_label=&#8221;Text&#8221;]<\/p>\n<p id=\"tw-target-text\" class=\"tw-data-text tw-ta tw-text-small\" dir=\"ltr\" data-placeholder=\"Traducci\u00f3n\"><span lang=\"ca\" tabindex=\"0\">Extremitat posterior, tallada a nivell de la s\u00edmfisi isquiopubiana, amb pota i os, que inclou la pe\u00e7a osteomuscular \u00edntegra, procedent de porcs adults alimentats amb esquer sotmesa al corresponent proc\u00e9s de sala\u00f3 i curat-maduraci\u00f3. El temps d&#8217;assecat m\u00ednim \u00e9s de: \u2022 730 dies: per a peces amb pes igual o major a 7 Kg INGREDIENTS: Pernil de porc ib\u00e8ric de gla, sal comuna, sucres, sin\u00e8rgic antioxidant (E-331) i conservadors (E-250 i E-252). Pernil ib\u00e8ric gla: (pernils que procedeixen de porcs alimentats de pastures naturals, herbes arom\u00e0tiques, pinsos i en el per\u00edode de montanera s&#8217;alimenta tamb\u00e9 de glans).<\/span><\/p>\n<p>[\/et_pb_text][\/et_pb_column]<br \/>\n\t\t[\/et_pb_row]<br \/>\n\t[\/et_pb_section]<\/p>\n","protected":false},"excerpt":{"rendered":"<p>&nbsp;<\/p>\n<p><strong>PRESENTACI\u00d3:<\/strong>PERNIL SENCER<br \/>\n<strong>PES:<\/strong> 8-8,5 Kg aproximadament<\/p>\n","protected":false},"featured_media":373,"comment_status":"open","ping_status":"closed","template":"","meta":{"_et_pb_use_builder":"","_et_pb_old_content":"","_et_gb_content_width":""},"product_brand":[],"product_cat":[52],"product_tag":[],"class_list":{"0":"post-1361","1":"product","2":"type-product","3":"status-publish","4":"has-post-thumbnail","6":"product_cat-pernils-iberics-ca","8":"first","9":"instock","10":"taxable","11":"shipping-taxable","12":"purchasable","13":"product-type-simple"},"_links":{"self":[{"href":"https:\/\/trejodelicatessen.com\/ca\/wp-json\/wp\/v2\/product\/1361","targetHints":{"allow":["GET"]}}],"collection":[{"href":"https:\/\/trejodelicatessen.com\/ca\/wp-json\/wp\/v2\/product"}],"about":[{"href":"https:\/\/trejodelicatessen.com\/ca\/wp-json\/wp\/v2\/types\/product"}],"replies":[{"embeddable":true,"href":"https:\/\/trejodelicatessen.com\/ca\/wp-json\/wp\/v2\/comments?post=1361"}],"wp:featuredmedia":[{"embeddable":true,"href":"https:\/\/trejodelicatessen.com\/ca\/wp-json\/wp\/v2\/media\/373"}],"wp:attachment":[{"href":"https:\/\/trejodelicatessen.com\/ca\/wp-json\/wp\/v2\/media?parent=1361"}],"wp:term":[{"taxonomy":"product_brand","embeddable":true,"href":"https:\/\/trejodelicatessen.com\/ca\/wp-json\/wp\/v2\/product_brand?post=1361"},{"taxonomy":"product_cat","embeddable":true,"href":"https:\/\/trejodelicatessen.com\/ca\/wp-json\/wp\/v2\/product_cat?post=1361"},{"taxonomy":"product_tag","embeddable":true,"href":"https:\/\/trejodelicatessen.com\/ca\/wp-json\/wp\/v2\/product_tag?post=1361"}],"curies":[{"name":"wp","href":"https:\/\/api.w.org\/{rel}","templated":true}]}}