{"id":1359,"date":"2018-09-27T10:01:24","date_gmt":"2018-09-27T10:01:24","guid":{"rendered":"https:\/\/trejodelicatessen.com\/producto\/jamon-iberico-de-cebo-campo-guijuelo-50\/"},"modified":"2019-04-11T16:13:38","modified_gmt":"2019-04-11T16:13:38","slug":"pernil-iberic-enceball-do-guijuelo-50","status":"publish","type":"product","link":"https:\/\/trejodelicatessen.com\/ca\/producto\/pernil-iberic-enceball-do-guijuelo-50\/","title":{"rendered":"Pernil ib\u00e8ric d&#8217;enceball D.O. Guijuelo 50%"},"content":{"rendered":"<p id=\"tw-target-text\" class=\"tw-data-text tw-ta tw-text-small\" dir=\"ltr\" data-placeholder=\"Traducci\u00f3n\"><span lang=\"ca\" tabindex=\"0\">Extremitat posterior, tallada a nivell de la s\u00edmfisi isquiopubiana, amb pota i os, que inclou la pe\u00e7a osteomuscular \u00edntegra, procedent de porcs adults alimentats amb esquer, sotmesa al corresponent proc\u00e9s de sala\u00f3 i curat-maduraci\u00f3. El temps d&#8217;assecat m\u00ednim \u00e9s de: \u2022 600 dies: per a peces fresques amb pes menor de 7 Kg \u2022 730 dies: per a peces fresques amb pes igual o major a 7 Kg INGREDIENTS: Pernil de porc ib\u00e8ric d&#8217;engreix de camp, sal comuna, sucres, sin\u00e8rgic antioxidant (E-331) i conservadors (E-250 i E-252). Pernil de Esquer de Camp Ib\u00e8ric (pernils que procedeixen de porcs alimentats de pastures naturals, herbes arom\u00e0tiques i pinsos)<\/span><\/p>\n","protected":false},"excerpt":{"rendered":"<p>&nbsp;<\/p>\n<p><strong>PRESENTACI\u00d3:<\/strong> PERNIL SENCER o DESOSSAT<br \/>\n<strong>PES:<\/strong> 8-8,5Kg (entero) y 4-4,5kg (deshuesado)\u00a0aproximadament<\/p>\n","protected":false},"featured_media":1729,"comment_status":"open","ping_status":"closed","template":"","meta":{"_et_pb_use_builder":"","_et_pb_old_content":"","_et_gb_content_width":""},"product_brand":[],"product_cat":[52],"product_tag":[],"class_list":{"0":"post-1359","1":"product","2":"type-product","3":"status-publish","4":"has-post-thumbnail","6":"product_cat-pernils-iberics-ca","8":"first","9":"instock","10":"taxable","11":"shipping-taxable","12":"purchasable","13":"product-type-variable"},"_links":{"self":[{"href":"https:\/\/trejodelicatessen.com\/ca\/wp-json\/wp\/v2\/product\/1359","targetHints":{"allow":["GET"]}}],"collection":[{"href":"https:\/\/trejodelicatessen.com\/ca\/wp-json\/wp\/v2\/product"}],"about":[{"href":"https:\/\/trejodelicatessen.com\/ca\/wp-json\/wp\/v2\/types\/product"}],"replies":[{"embeddable":true,"href":"https:\/\/trejodelicatessen.com\/ca\/wp-json\/wp\/v2\/comments?post=1359"}],"wp:featuredmedia":[{"embeddable":true,"href":"https:\/\/trejodelicatessen.com\/ca\/wp-json\/wp\/v2\/media\/1729"}],"wp:attachment":[{"href":"https:\/\/trejodelicatessen.com\/ca\/wp-json\/wp\/v2\/media?parent=1359"}],"wp:term":[{"taxonomy":"product_brand","embeddable":true,"href":"https:\/\/trejodelicatessen.com\/ca\/wp-json\/wp\/v2\/product_brand?post=1359"},{"taxonomy":"product_cat","embeddable":true,"href":"https:\/\/trejodelicatessen.com\/ca\/wp-json\/wp\/v2\/product_cat?post=1359"},{"taxonomy":"product_tag","embeddable":true,"href":"https:\/\/trejodelicatessen.com\/ca\/wp-json\/wp\/v2\/product_tag?post=1359"}],"curies":[{"name":"wp","href":"https:\/\/api.w.org\/{rel}","templated":true}]}}