{"id":1357,"date":"2018-09-27T10:04:36","date_gmt":"2018-09-27T10:04:36","guid":{"rendered":"https:\/\/trejodelicatessen.com\/producto\/paleta-iberica-de-bellota-d-o-guijuelo-100\/"},"modified":"2019-04-11T16:52:29","modified_gmt":"2019-04-11T16:52:29","slug":"paleta-iberica-de-gla-ulp","status":"publish","type":"product","link":"https:\/\/trejodelicatessen.com\/ca\/producto\/paleta-iberica-de-gla-ulp\/","title":{"rendered":"Paleta ib\u00e8rica de gla Ulp."},"content":{"rendered":"<div class=\"tw-swapa\">\n<div class=\"DHcWmd\"><\/div>\n<\/div>\n<div class=\"oSioSc\">\n<div id=\"tw-target\">\n<div id=\"tw-target-text-container\" class=\"gsrt tw-ta-container tw-nfl\">\n<p id=\"tw-target-text\" class=\"tw-data-text tw-ta tw-text-small\" dir=\"ltr\" data-placeholder=\"Traducci\u00f3n\"><span lang=\"ca\" tabindex=\"0\">Extremitat anterior, tallada a nivell de l&#8217;esc\u00e0pula humeral fins a la h\u00famer radial, amb m\u00e0 i ossos, que inclou la pe\u00e7a osteomuscular \u00edntegra, procedent de porcs adults amb una alimentaci\u00f3 d&#8217;engreix, sotmesa al corresponent proc\u00e9s de sala\u00f3 i curat-maduraci\u00f3. El temps d&#8217;assecat m\u00ednim \u00e9s de: \uf0b7 365 dies: independentment del pes de la pe\u00e7a. INGREDIENTS: Espatlla de porc ib\u00e8ric de gla, sal comuna, sucres, sin\u00e8rgic antioxidant (E-331) i conservadors (E-250 i E-252).<\/span><\/p>\n<\/div>\n<\/div>\n<\/div>\n","protected":false},"excerpt":{"rendered":"<p>&nbsp;<\/p>\n<p><strong>PRESENTACI\u00d3:<\/strong> PALETA SENCERA O DESOSSADA<br \/>\n<\/br> <strong>PES:<\/strong> 5-5,5 Kg la pe\u00e7a sencera, 2,5-2,8 kg la pe\u00e7a desossada aproximadament<\/p>\n","protected":false},"featured_media":1283,"comment_status":"open","ping_status":"closed","template":"","meta":{"_et_pb_use_builder":"","_et_pb_old_content":"","_et_gb_content_width":""},"product_brand":[],"product_cat":[54],"product_tag":[],"class_list":{"0":"post-1357","1":"product","2":"type-product","3":"status-publish","4":"has-post-thumbnail","6":"product_cat-paletes-iberiques-ca","8":"first","9":"instock","10":"taxable","11":"shipping-taxable","12":"purchasable","13":"product-type-variable"},"_links":{"self":[{"href":"https:\/\/trejodelicatessen.com\/ca\/wp-json\/wp\/v2\/product\/1357","targetHints":{"allow":["GET"]}}],"collection":[{"href":"https:\/\/trejodelicatessen.com\/ca\/wp-json\/wp\/v2\/product"}],"about":[{"href":"https:\/\/trejodelicatessen.com\/ca\/wp-json\/wp\/v2\/types\/product"}],"replies":[{"embeddable":true,"href":"https:\/\/trejodelicatessen.com\/ca\/wp-json\/wp\/v2\/comments?post=1357"}],"wp:featuredmedia":[{"embeddable":true,"href":"https:\/\/trejodelicatessen.com\/ca\/wp-json\/wp\/v2\/media\/1283"}],"wp:attachment":[{"href":"https:\/\/trejodelicatessen.com\/ca\/wp-json\/wp\/v2\/media?parent=1357"}],"wp:term":[{"taxonomy":"product_brand","embeddable":true,"href":"https:\/\/trejodelicatessen.com\/ca\/wp-json\/wp\/v2\/product_brand?post=1357"},{"taxonomy":"product_cat","embeddable":true,"href":"https:\/\/trejodelicatessen.com\/ca\/wp-json\/wp\/v2\/product_cat?post=1357"},{"taxonomy":"product_tag","embeddable":true,"href":"https:\/\/trejodelicatessen.com\/ca\/wp-json\/wp\/v2\/product_tag?post=1357"}],"curies":[{"name":"wp","href":"https:\/\/api.w.org\/{rel}","templated":true}]}}