{"id":1353,"date":"2018-09-27T10:08:53","date_gmt":"2018-09-27T10:08:53","guid":{"rendered":"https:\/\/trejodelicatessen.com\/producto\/paleta-iberica-de-cebo-guijuelo-50\/"},"modified":"2019-04-11T16:34:02","modified_gmt":"2019-04-11T16:34:02","slug":"paleta-iberica-esquer-do-guijuelo-50","status":"publish","type":"product","link":"https:\/\/trejodelicatessen.com\/ca\/producto\/paleta-iberica-esquer-do-guijuelo-50\/","title":{"rendered":"Paleta ib\u00e8rica d&#8217;esquer D.O. Guijuelo 50%"},"content":{"rendered":"<p>Extremitat anterior, tallada a nivell de l&#8217;esc\u00e0pula humeral fins a la h\u00famer radial,<br \/>\namb m\u00e0 i os, que inclou la pe\u00e7a osteomuscular \u00edntegra, procedent de<br \/>\nporcs adults amb una alimentaci\u00f3 d&#8217;engreix, sotmesa al corresponent<br \/>\nproc\u00e9s de sala\u00f3 i curat-maduraci\u00f3.<br \/>\nEl temps d&#8217;assecat m\u00ednim \u00e9s de:<br \/>\n\uf0b7 365 dies: independentment del pes de la pe\u00e7a.<br \/>\nINGREDIENTS: Espatlla de porc ib\u00e8ric d&#8217;engreix de camp, sal comuna, sucres,<br \/>\nsin\u00e8rgic antioxidant (E-331) i conservadors (E-250 i E-252). (procedeixen de<br \/>\nporcs alimentats de pinsos i llegums).<\/p>\n","protected":false},"excerpt":{"rendered":"<p>&nbsp;<\/p>\n<p><strong>PRESENTACI\u00d3:<\/strong> PALETA SENCERA O DESOSSADA<br \/>\n<\/br> <strong>PES:<\/strong> 5-5,5 Kg la pe\u00e7a sencera, 2,5-2,8 kg la pe\u00e7a desossada aproximadament<\/p>\n","protected":false},"featured_media":1735,"comment_status":"open","ping_status":"closed","template":"","meta":{"_et_pb_use_builder":"","_et_pb_old_content":"","_et_gb_content_width":""},"product_brand":[],"product_cat":[54],"product_tag":[],"class_list":{"0":"post-1353","1":"product","2":"type-product","3":"status-publish","4":"has-post-thumbnail","6":"product_cat-paletes-iberiques-ca","8":"first","9":"instock","10":"taxable","11":"shipping-taxable","12":"purchasable","13":"product-type-variable"},"_links":{"self":[{"href":"https:\/\/trejodelicatessen.com\/ca\/wp-json\/wp\/v2\/product\/1353","targetHints":{"allow":["GET"]}}],"collection":[{"href":"https:\/\/trejodelicatessen.com\/ca\/wp-json\/wp\/v2\/product"}],"about":[{"href":"https:\/\/trejodelicatessen.com\/ca\/wp-json\/wp\/v2\/types\/product"}],"replies":[{"embeddable":true,"href":"https:\/\/trejodelicatessen.com\/ca\/wp-json\/wp\/v2\/comments?post=1353"}],"wp:featuredmedia":[{"embeddable":true,"href":"https:\/\/trejodelicatessen.com\/ca\/wp-json\/wp\/v2\/media\/1735"}],"wp:attachment":[{"href":"https:\/\/trejodelicatessen.com\/ca\/wp-json\/wp\/v2\/media?parent=1353"}],"wp:term":[{"taxonomy":"product_brand","embeddable":true,"href":"https:\/\/trejodelicatessen.com\/ca\/wp-json\/wp\/v2\/product_brand?post=1353"},{"taxonomy":"product_cat","embeddable":true,"href":"https:\/\/trejodelicatessen.com\/ca\/wp-json\/wp\/v2\/product_cat?post=1353"},{"taxonomy":"product_tag","embeddable":true,"href":"https:\/\/trejodelicatessen.com\/ca\/wp-json\/wp\/v2\/product_tag?post=1353"}],"curies":[{"name":"wp","href":"https:\/\/api.w.org\/{rel}","templated":true}]}}