{"id":1342,"date":"2019-01-23T08:42:48","date_gmt":"2019-01-23T08:42:48","guid":{"rendered":"https:\/\/trejodelicatessen.com\/producto\/paleta-ibrica-de-bellota-d-o-guijuelo-100\/"},"modified":"2019-04-04T20:39:14","modified_gmt":"2019-04-04T20:39:14","slug":"paleta-iberica-de-gla-do-guijuelo-100","status":"publish","type":"product","link":"https:\/\/trejodelicatessen.com\/ca\/producto\/paleta-iberica-de-gla-do-guijuelo-100\/","title":{"rendered":"Paleta ib\u00e8rica de gla D.O. Guijuelo 100%"},"content":{"rendered":"<p>Extremitat anterior, tallada a nivell de l&#8217;esc\u00e0pula humeral fins a la h\u00famer radial, amb m\u00e0 i ossos, que inclou la pe\u00e7a osteomuscular \u00edntegra, procedent de porcs adults amb una alimentaci\u00f3 d&#8217;engreix, sotmesa al corresponent proc\u00e9s de sala\u00f3 i curat-maduraci\u00f3. El temps d&#8217;assecat m\u00ednim \u00e9s de: \uf0b7 365 dies. <br \/>\nINGREDIENTS: Espatlla de porc ib\u00e8ric de gla, sal comuna, sucres, sin\u00e8rgic antioxidant (E-331) i conservadors (E-250 i E-252).<\/p>\n","protected":false},"excerpt":{"rendered":"<p>&nbsp;<br \/>\n<strong>PRESENTACI\u00d3:<\/strong> PALETA SENCERA O DESOSSADA<br \/>\n<br \/>\n<strong>PES:<\/strong> 5-5,5 Kg la pe\u00e7a sencera, 2,5-2,8 kg la pesa desossada, aproximadament<\/p>\n","protected":false},"featured_media":1727,"comment_status":"open","ping_status":"closed","template":"","meta":{"_et_pb_use_builder":"","_et_pb_old_content":"","_et_gb_content_width":""},"product_brand":[],"product_cat":[54],"product_tag":[],"class_list":{"0":"post-1342","1":"product","2":"type-product","3":"status-publish","4":"has-post-thumbnail","6":"product_cat-paletes-iberiques-ca","8":"first","9":"instock","10":"taxable","11":"shipping-taxable","12":"purchasable","13":"product-type-variable"},"_links":{"self":[{"href":"https:\/\/trejodelicatessen.com\/ca\/wp-json\/wp\/v2\/product\/1342","targetHints":{"allow":["GET"]}}],"collection":[{"href":"https:\/\/trejodelicatessen.com\/ca\/wp-json\/wp\/v2\/product"}],"about":[{"href":"https:\/\/trejodelicatessen.com\/ca\/wp-json\/wp\/v2\/types\/product"}],"replies":[{"embeddable":true,"href":"https:\/\/trejodelicatessen.com\/ca\/wp-json\/wp\/v2\/comments?post=1342"}],"wp:featuredmedia":[{"embeddable":true,"href":"https:\/\/trejodelicatessen.com\/ca\/wp-json\/wp\/v2\/media\/1727"}],"wp:attachment":[{"href":"https:\/\/trejodelicatessen.com\/ca\/wp-json\/wp\/v2\/media?parent=1342"}],"wp:term":[{"taxonomy":"product_brand","embeddable":true,"href":"https:\/\/trejodelicatessen.com\/ca\/wp-json\/wp\/v2\/product_brand?post=1342"},{"taxonomy":"product_cat","embeddable":true,"href":"https:\/\/trejodelicatessen.com\/ca\/wp-json\/wp\/v2\/product_cat?post=1342"},{"taxonomy":"product_tag","embeddable":true,"href":"https:\/\/trejodelicatessen.com\/ca\/wp-json\/wp\/v2\/product_tag?post=1342"}],"curies":[{"name":"wp","href":"https:\/\/api.w.org\/{rel}","templated":true}]}}