{"id":1339,"date":"2019-01-23T08:42:49","date_gmt":"2019-01-23T08:42:49","guid":{"rendered":"https:\/\/trejodelicatessen.com\/producto\/jamn-cebo-campo-ulpiano\/"},"modified":"2019-04-05T10:58:45","modified_gmt":"2019-04-05T10:58:45","slug":"pernil-enceball-camp-ulp","status":"publish","type":"product","link":"https:\/\/trejodelicatessen.com\/ca\/producto\/pernil-enceball-camp-ulp\/","title":{"rendered":"Pernil d&#8217;enceball camp ulp."},"content":{"rendered":"<p>Extremitat posterior, tallada a nivell de la s\u00edmfisi isquiopubiana, amb pota i ossos,<br \/>\nque inclou la pe\u00e7a osteomuscular \u00edntegra, procedent de porcs adults<br \/>\nalimentats amb esquer, sotmesa al corresponent proc\u00e9s de sala\u00f3 i curaci\u00f3-<br \/>\nmaduraci\u00f3.<br \/>\nEl temps d&#8217;assecat m\u00ednim \u00e9s de:<br \/>\n\uf0b7 600 dies: per a peces fresques amb pes menor de 7 Kg<br \/>\n\uf0b7 730 dies: per a peces fresques amb pes igual o major a 7 Kg<br \/>\nINGREDIENTS: Pernil de porc ib\u00e8ric d&#8217;engreix de camp, sal comuna,<br \/>\nsucres, sin\u00e8rgic antioxidant (E-331) i conservadors (E-250 i E-252).<br \/>\nPernil de Esquer de Camp Ib\u00e8ric (pernils que procedeixen de porcs alimentats<br \/>\nde pastures naturals, herbes arom\u00e0tiques i pinsos)<\/p>\n","protected":false},"excerpt":{"rendered":"<p>&nbsp;<\/p>\n<p><strong>PRESENTACI\u00d3:<\/strong> Pernil SENCER O DESOSSAT<br \/>\n<strong>PES:<\/strong> 8-8,5 Kg\u00a0 i   4 &#8211; 4,45 aproximadament<\/p>\n","protected":false},"featured_media":1279,"comment_status":"open","ping_status":"closed","template":"","meta":{"_et_pb_use_builder":"","_et_pb_old_content":"","_et_gb_content_width":""},"product_brand":[],"product_cat":[52],"product_tag":[],"class_list":{"0":"post-1339","1":"product","2":"type-product","3":"status-publish","4":"has-post-thumbnail","6":"product_cat-pernils-iberics-ca","8":"first","9":"instock","10":"taxable","11":"shipping-taxable","12":"purchasable","13":"product-type-variable"},"_links":{"self":[{"href":"https:\/\/trejodelicatessen.com\/ca\/wp-json\/wp\/v2\/product\/1339","targetHints":{"allow":["GET"]}}],"collection":[{"href":"https:\/\/trejodelicatessen.com\/ca\/wp-json\/wp\/v2\/product"}],"about":[{"href":"https:\/\/trejodelicatessen.com\/ca\/wp-json\/wp\/v2\/types\/product"}],"replies":[{"embeddable":true,"href":"https:\/\/trejodelicatessen.com\/ca\/wp-json\/wp\/v2\/comments?post=1339"}],"wp:featuredmedia":[{"embeddable":true,"href":"https:\/\/trejodelicatessen.com\/ca\/wp-json\/wp\/v2\/media\/1279"}],"wp:attachment":[{"href":"https:\/\/trejodelicatessen.com\/ca\/wp-json\/wp\/v2\/media?parent=1339"}],"wp:term":[{"taxonomy":"product_brand","embeddable":true,"href":"https:\/\/trejodelicatessen.com\/ca\/wp-json\/wp\/v2\/product_brand?post=1339"},{"taxonomy":"product_cat","embeddable":true,"href":"https:\/\/trejodelicatessen.com\/ca\/wp-json\/wp\/v2\/product_cat?post=1339"},{"taxonomy":"product_tag","embeddable":true,"href":"https:\/\/trejodelicatessen.com\/ca\/wp-json\/wp\/v2\/product_tag?post=1339"}],"curies":[{"name":"wp","href":"https:\/\/api.w.org\/{rel}","templated":true}]}}