{"id":1336,"date":"2019-01-23T08:42:49","date_gmt":"2019-01-23T08:42:49","guid":{"rendered":"https:\/\/trejodelicatessen.com\/producto\/lomo-iberco-bellota-guijuelo-ulpiano\/"},"modified":"2019-04-11T17:21:32","modified_gmt":"2019-04-11T17:21:32","slug":"llom-iberic-de-gla-guijuelo-ulp","status":"publish","type":"product","link":"https:\/\/trejodelicatessen.com\/ca\/producto\/llom-iberic-de-gla-guijuelo-ulp\/","title":{"rendered":"Llom ib\u00e8ric de gla Guijuelo Ulp."},"content":{"rendered":"<p>Embotit curat, elaborat amb una barreja de carn picada de porc, cansalada o greix de porc ib\u00e8ric, addicionada de sal, esp\u00e8cies i additius, pastada i embotida en budell natural, que han patit un proc\u00e9s de maduraci\u00f3-dessecaci\u00f3, que li assegura una bona estabilitat, aix\u00ed com una olor i sabor caracter\u00edstics. PRESENTACI\u00d3: Peces d&#8217;entre 400 i 600 gr aprox. Embotit curat, elaborat amb una barreja de carn picada de porc, cansalada o greix de porc ib\u00e8ric, addicionada de sal, esp\u00e8cies i additius, pastada i embotida en budell natural, que han patit un proc\u00e9s de maduraci\u00f3-dessecaci\u00f3, que li assegura una bona estabilitat, aix\u00ed com una olor i sabor caracter\u00edstics. PRESENTACI\u00d3: Peces d&#8217;entre 400 i 600 gr aprox. INGREDIENTS: Carn de porc ib\u00e8ric, sal comuna, llet en pols, dextrosa, dextrina, esp\u00e8cies, prote\u00efna a\u00efllada de soja, prote\u00efna de llet, emulgents (I-450i, I-451i, i E-452i), corrector de l&#8217;acidesa ( e-331iii), potenciador del sabor (e-621), conservadors (e-252, e-250) i colorant (e-120). Budell natural de porc.<\/p>\n","protected":false},"excerpt":{"rendered":"<p><strong>PRESENTACI\u00d3:<\/strong>PE\u00c7A SENCERA<br \/>\n<strong>PES:<\/strong> 1,7- 2 kg<\/p>\n","protected":false},"featured_media":1737,"comment_status":"open","ping_status":"closed","template":"","meta":{"_et_pb_use_builder":"","_et_pb_old_content":"","_et_gb_content_width":""},"product_brand":[],"product_cat":[49],"product_tag":[],"class_list":{"0":"post-1336","1":"product","2":"type-product","3":"status-publish","4":"has-post-thumbnail","6":"product_cat-embotits-iberics-i-pais-ca-2","8":"first","9":"onbackorder","10":"taxable","11":"shipping-taxable","12":"purchasable","13":"product-type-simple"},"_links":{"self":[{"href":"https:\/\/trejodelicatessen.com\/ca\/wp-json\/wp\/v2\/product\/1336","targetHints":{"allow":["GET"]}}],"collection":[{"href":"https:\/\/trejodelicatessen.com\/ca\/wp-json\/wp\/v2\/product"}],"about":[{"href":"https:\/\/trejodelicatessen.com\/ca\/wp-json\/wp\/v2\/types\/product"}],"replies":[{"embeddable":true,"href":"https:\/\/trejodelicatessen.com\/ca\/wp-json\/wp\/v2\/comments?post=1336"}],"wp:featuredmedia":[{"embeddable":true,"href":"https:\/\/trejodelicatessen.com\/ca\/wp-json\/wp\/v2\/media\/1737"}],"wp:attachment":[{"href":"https:\/\/trejodelicatessen.com\/ca\/wp-json\/wp\/v2\/media?parent=1336"}],"wp:term":[{"taxonomy":"product_brand","embeddable":true,"href":"https:\/\/trejodelicatessen.com\/ca\/wp-json\/wp\/v2\/product_brand?post=1336"},{"taxonomy":"product_cat","embeddable":true,"href":"https:\/\/trejodelicatessen.com\/ca\/wp-json\/wp\/v2\/product_cat?post=1336"},{"taxonomy":"product_tag","embeddable":true,"href":"https:\/\/trejodelicatessen.com\/ca\/wp-json\/wp\/v2\/product_tag?post=1336"}],"curies":[{"name":"wp","href":"https:\/\/api.w.org\/{rel}","templated":true}]}}