{"id":1334,"date":"2019-01-23T08:42:50","date_gmt":"2019-01-23T08:42:50","guid":{"rendered":"https:\/\/trejodelicatessen.com\/producto\/lomo-iberico-cebo-campo-guijuelo-ulpiano\/"},"modified":"2025-05-07T13:46:12","modified_gmt":"2025-05-07T13:46:12","slug":"llom-iberic-enceball-guijuelo-2","status":"publish","type":"product","link":"https:\/\/trejodelicatessen.com\/ca\/producto\/llom-iberic-enceball-guijuelo-2\/","title":{"rendered":"Llom ib\u00e8ric d&#8217;enceball Guijuelo ulp."},"content":{"rendered":"<div class=\"oSioSc\">\n<div id=\"tw-target\">\n<div id=\"tw-target-text-container\" class=\"gsrt tw-ta-container tw-nfl\">\n<p id=\"tw-target-text\" class=\"tw-data-text tw-ta tw-text-small\" dir=\"ltr\" data-placeholder=\"Traducci\u00f3n\"><span lang=\"ca\" tabindex=\"0\">INGREDIENTS: Carn de porc ib\u00e8ric, sal comuna, llet en pols, dextrosa, dextrina, esp\u00e8cies, prote\u00efna a\u00efllada de soja, prote\u00efna de llet, emulgents (I-450i, I-451i, i E-452i), corrector de l&#8217;acidesa ( e-331iii), potenciador del sabor (e-621), conservadors (e-252, e-250) i colorant (e-120). Budell natural de porc.<\/span><\/p>\n<p id=\"tw-target-text\" class=\"tw-data-text tw-ta tw-text-small\" dir=\"ltr\" data-placeholder=\"Traducci\u00f3n\"><span lang=\"ca\" tabindex=\"0\">\u00a0<\/span><\/p>\n<\/div>\n<\/div>\n<\/div>\n","protected":false},"excerpt":{"rendered":"<p><strong>PRESENTACI\u00d3:<\/strong> PE\u00c7A SENCERA<br \/>\n<strong>PESO:<\/strong> 1,7- 2 kg<\/p>\n","protected":false},"featured_media":0,"comment_status":"open","ping_status":"closed","template":"","meta":{"_et_pb_use_builder":"","_et_pb_old_content":"","_et_gb_content_width":""},"product_brand":[],"product_cat":[49],"product_tag":[],"class_list":{"0":"post-1334","1":"product","2":"type-product","3":"status-publish","5":"product_cat-embotits-iberics-i-pais-ca-2","7":"first","8":"instock","9":"taxable","10":"shipping-taxable","11":"purchasable","12":"product-type-simple"},"_links":{"self":[{"href":"https:\/\/trejodelicatessen.com\/ca\/wp-json\/wp\/v2\/product\/1334","targetHints":{"allow":["GET"]}}],"collection":[{"href":"https:\/\/trejodelicatessen.com\/ca\/wp-json\/wp\/v2\/product"}],"about":[{"href":"https:\/\/trejodelicatessen.com\/ca\/wp-json\/wp\/v2\/types\/product"}],"replies":[{"embeddable":true,"href":"https:\/\/trejodelicatessen.com\/ca\/wp-json\/wp\/v2\/comments?post=1334"}],"wp:attachment":[{"href":"https:\/\/trejodelicatessen.com\/ca\/wp-json\/wp\/v2\/media?parent=1334"}],"wp:term":[{"taxonomy":"product_brand","embeddable":true,"href":"https:\/\/trejodelicatessen.com\/ca\/wp-json\/wp\/v2\/product_brand?post=1334"},{"taxonomy":"product_cat","embeddable":true,"href":"https:\/\/trejodelicatessen.com\/ca\/wp-json\/wp\/v2\/product_cat?post=1334"},{"taxonomy":"product_tag","embeddable":true,"href":"https:\/\/trejodelicatessen.com\/ca\/wp-json\/wp\/v2\/product_tag?post=1334"}],"curies":[{"name":"wp","href":"https:\/\/api.w.org\/{rel}","templated":true}]}}