{"id":1330,"date":"2019-01-23T08:42:51","date_gmt":"2019-01-23T08:42:51","guid":{"rendered":"https:\/\/trejodelicatessen.com\/producto\/salchichn-iberico-cebo-campo-guijuelo-ulpiano\/"},"modified":"2019-04-04T09:52:03","modified_gmt":"2019-04-04T09:52:03","slug":"llonganissa-iberica-esnceball-campo-guijuelo","status":"publish","type":"product","link":"https:\/\/trejodelicatessen.com\/ca\/producto\/llonganissa-iberica-esnceball-campo-guijuelo\/","title":{"rendered":"Llonganissa ib\u00e8rica d&#8217;enceball Campo Guijuelo"},"content":{"rendered":"<div class=\"oSioSc\">\n<div id=\"tw-target\">\n<div id=\"tw-target-text-container\" class=\"gsrt tw-ta-container tw-nfl\">\n<p id=\"tw-target-text\" class=\"tw-data-text tw-ta tw-text-small\" dir=\"ltr\" data-placeholder=\"Traducci\u00f3n\"><span lang=\"ca\" tabindex=\"0\">Embotit curat, elaborat amb una barreja de carn picada de porc, cansalada o greix de porc ib\u00e8ric, addicionada de sal, esp\u00e8cies i additius, pastada i embotida en budell natural, que han patit un proc\u00e9s de maduraci\u00f3-dessecaci\u00f3, que li assegura una bona estabilitat, aix\u00ed com una olor i sabor caracter\u00edstics. PRESENTACI\u00d3: Peces d&#8217;entre 400 i 600 gr aprox. INGREDIENTS: Carn de porc ib\u00e8ric, sal comuna, llet en pols, dextrosa, dextrina, esp\u00e8cies, prote\u00efna a\u00efllada de soja, prote\u00efna de llet, emulgents (I-450i, I-451i, i E-452i), corrector de l&#8217;acidesa ( e-331iii), potenciador del sabor (e-621), conservadors (e-252, e-250) i colorant (e-120). Budell natural de porc.<\/span><\/p>\n<p id=\"tw-target-text\" class=\"tw-data-text tw-ta tw-text-small\" dir=\"ltr\" data-placeholder=\"Traducci\u00f3n\"><span lang=\"ca\" tabindex=\"0\">\u00a0<\/span><\/p>\n<\/div>\n<\/div>\n<\/div>\n","protected":false},"excerpt":{"rendered":"<p><strong>PRESENTACI\u00d3:<\/strong> LLONGANISSA EN UNITAT<br \/>\n<strong>PES:<\/strong> 1,7- 2 kg<\/p>\n","protected":false},"featured_media":0,"comment_status":"open","ping_status":"closed","template":"","meta":{"_et_pb_use_builder":"","_et_pb_old_content":"","_et_gb_content_width":""},"product_brand":[],"product_cat":[49],"product_tag":[],"class_list":{"0":"post-1330","1":"product","2":"type-product","3":"status-publish","5":"product_cat-embotits-iberics-i-pais-ca-2","7":"first","8":"instock","9":"taxable","10":"shipping-taxable","11":"purchasable","12":"product-type-simple"},"_links":{"self":[{"href":"https:\/\/trejodelicatessen.com\/ca\/wp-json\/wp\/v2\/product\/1330","targetHints":{"allow":["GET"]}}],"collection":[{"href":"https:\/\/trejodelicatessen.com\/ca\/wp-json\/wp\/v2\/product"}],"about":[{"href":"https:\/\/trejodelicatessen.com\/ca\/wp-json\/wp\/v2\/types\/product"}],"replies":[{"embeddable":true,"href":"https:\/\/trejodelicatessen.com\/ca\/wp-json\/wp\/v2\/comments?post=1330"}],"wp:attachment":[{"href":"https:\/\/trejodelicatessen.com\/ca\/wp-json\/wp\/v2\/media?parent=1330"}],"wp:term":[{"taxonomy":"product_brand","embeddable":true,"href":"https:\/\/trejodelicatessen.com\/ca\/wp-json\/wp\/v2\/product_brand?post=1330"},{"taxonomy":"product_cat","embeddable":true,"href":"https:\/\/trejodelicatessen.com\/ca\/wp-json\/wp\/v2\/product_cat?post=1330"},{"taxonomy":"product_tag","embeddable":true,"href":"https:\/\/trejodelicatessen.com\/ca\/wp-json\/wp\/v2\/product_tag?post=1330"}],"curies":[{"name":"wp","href":"https:\/\/api.w.org\/{rel}","templated":true}]}}