{"id":1110,"date":"2018-09-19T08:11:34","date_gmt":"2018-09-19T08:11:34","guid":{"rendered":"https:\/\/trejodelicatessen.com\/quienes-somos\/"},"modified":"2018-11-28T09:41:19","modified_gmt":"2018-11-28T09:41:19","slug":"qui-som","status":"publish","type":"page","link":"https:\/\/trejodelicatessen.com\/ca\/qui-som\/","title":{"rendered":"Qui som"},"content":{"rendered":"<p>[et_pb_section fb_built=&#8221;1&#8243; _builder_version=&#8221;3.15&#8243; background_color=&#8221;rgba(33,3,0,0.3)&#8221; custom_padding=&#8221;0|0px|0|0px|false|false&#8221; custom_css_main_element=&#8221;height:140px;&#8221;][et_pb_row custom_padding=&#8221;0|0px|0|0px|false|false&#8221; _builder_version=&#8221;3.15&#8243;][et_pb_column type=&#8221;4_4&#8243; _builder_version=&#8221;3.15&#8243; parallax=&#8221;off&#8221; parallax_method=&#8221;on&#8221;][et_pb_text _builder_version=&#8221;3.15&#8243; header_font=&#8221;Nunito Sans||||||||&#8221; header_text_align=&#8221;center&#8221; header_text_color=&#8221;#ffffff&#8221; header_font_size_tablet=&#8221;25px&#8221; header_font_size_phone=&#8221;20px&#8221; header_font_size_last_edited=&#8221;on|tablet&#8221; custom_margin=&#8221;5%||0%|&#8221; custom_margin_tablet=&#8221;9%||0%|&#8221; custom_margin_phone=&#8221;15%||0%|&#8221; custom_margin_last_edited=&#8221;on|tablet&#8221; custom_padding=&#8221;0px||0px|&#8221;]<\/p>\n<h1 class=\"et_pb_module_header et-fb-editable-element et-fb-editable-element__editing\" contenteditable=\"true\" data-shortcode-id=\"0.0-1540980195260\" data-quickaccess-id=\"title\">LA NOSTRA EMPRESA<\/h1>\n<p>[\/et_pb_text][\/et_pb_column][\/et_pb_row][\/et_pb_section][et_pb_section fb_built=&#8221;1&#8243; _builder_version=&#8221;3.15&#8243; use_background_color_gradient=&#8221;on&#8221; background_color_gradient_start=&#8221;#ffffff&#8221; background_color_gradient_end=&#8221;rgba(114,24,16,0.1)&#8221; background_color_gradient_direction=&#8221;181deg&#8221; background_color_gradient_start_position=&#8221;16%&#8221; background_color_gradient_end_position=&#8221;82%&#8221; background_color_gradient_overlays_image=&#8221;on&#8221; background_image=&#8221;https:\/\/trejodelicatessen.com\/wp-content\/uploads\/2018\/10\/jamon-iberico-guijuelo2.jpg&#8221; custom_padding=&#8221;33px|0px|141px|0px|false|false&#8221; bottom_divider_style=&#8221;ramp2&#8243; bottom_divider_color=&#8221;rgba(219,219,219,0.99)&#8221;][et_pb_row custom_padding=&#8221;0|0px|27px|0px|false|false&#8221; _builder_version=&#8221;3.0.106&#8243;][et_pb_column type=&#8221;4_4&#8243; _builder_version=&#8221;3.0.106&#8243; parallax=&#8221;off&#8221; parallax_method=&#8221;on&#8221;][et_pb_text _builder_version=&#8221;3.15&#8243; text_font=&#8221;Nunito Sans||||||||&#8221; text_text_color=&#8221;#000000&#8243; text_font_size=&#8221;19px&#8221; text_font_size_tablet=&#8221;15px&#8221; text_font_size_phone=&#8221;14px&#8221; text_font_size_last_edited=&#8221;on|phone&#8221; text_line_height=&#8221;1.3em&#8221; header_font=&#8221;||||||||&#8221; header_2_font=&#8221;Quattrocento|700|||||||&#8221; header_2_font_size=&#8221;25px&#8221; header_2_font_size_tablet=&#8221;30px&#8221; header_2_font_size_phone=&#8221;20px&#8221; header_2_font_size_last_edited=&#8221;on|phone&#8221; header_2_line_height=&#8221;1.7em&#8221; header_2_line_height_tablet=&#8221;1.6em&#8221; header_2_line_height_last_edited=&#8221;on|desktop&#8221; text_orientation=&#8221;justified&#8221;]<\/p>\n<h2><span class=\"nice\">Qui\u00a0 Som<\/span><\/h2>\n<p>&nbsp;<\/p>\n<p>Distribucions Trejo som una empresa de distribuci\u00f3 i de venda de productes d&#8217;alimentaci\u00f3 per a la restauraci\u00f3 i el comer\u00e7 des de 1987.<\/p>\n<p>Estem especialitzats en articles de gamma alta i de producci\u00f3 artesanal.<\/p>\n<p>Tenim una gran selecci\u00f3 de pernils i altres productes ib\u00e8rics, grans estrelles de qualsevol menjar que se celebri.<\/p>\n<p>Som distribu\u00efdors directes d&#8217;articles de les DO Guijuelo.<\/p>\n<p>Oferim una gran selecci\u00f3 de formatges tant nacionals (manxecs) com italians (parmesanos).<\/p>\n<p>Proporcionem una completa oferta de derivats de l&#8217;\u00e0nec i de l&#8217;oca.<\/p>\n<p>Proporcionem un extens cat\u00e0leg de conserves i salaons de gran qualitat: anxoves del Cant\u00e0bric, favetes Baby, esp\u00e0rrecs, &#8230;<\/p>\n<p>Els productes de la marca Trejo donen garantia de qualitat superior. Seleccionem els millors productes per als paladars m\u00e9s exigents.<\/p>\n<p>Confeccionem lots per regal i d&#8217;empresa, pernil per Nadal, &#8230;<\/p>\n<p>Garantim unes condicions de conservaci\u00f3 que asseguren el manteniment de les caracter\u00edstiques organol\u00e8ptiques i de textura dels productes en \u00f2ptimes condicions fins i tot en el moment de distribuir-los.<\/p>\n<p>Trejo selecciona els pernils de la seva marca amb les millors garanties de qualitat i d&#8217;elaboraci\u00f3.<\/p>\n<p>[\/et_pb_text][et_pb_image src=&#8221;https:\/\/trejodelicatessen.com\/wp-content\/uploads\/2018\/09\/logo-1-e1540982596168.png&#8221; align=&#8221;center&#8221; _builder_version=&#8221;3.15&#8243; custom_margin=&#8221;|||&#8221; custom_padding=&#8221;25px|||&#8221;][\/et_pb_image][\/et_pb_column][\/et_pb_row][\/et_pb_section]<\/p>\n","protected":false},"excerpt":{"rendered":"<p>LA NOSTRA EMPRESA Qui\u00a0 Som &nbsp; Distribucions Trejo som una empresa de distribuci\u00f3 i de venda de productes d&#8217;alimentaci\u00f3 per a la restauraci\u00f3 i el comer\u00e7 des de 1987. Estem especialitzats en articles de gamma alta i de producci\u00f3 artesanal. Tenim una gran selecci\u00f3 de pernils i altres productes ib\u00e8rics, grans estrelles de qualsevol menjar [&hellip;]<\/p>\n","protected":false},"author":1,"featured_media":1988,"parent":0,"menu_order":0,"comment_status":"closed","ping_status":"closed","template":"","meta":{"_et_pb_use_builder":"on","_et_pb_old_content":"","_et_gb_content_width":"","footnotes":""},"class_list":["post-1110","page","type-page","status-publish","has-post-thumbnail","hentry"],"_links":{"self":[{"href":"https:\/\/trejodelicatessen.com\/ca\/wp-json\/wp\/v2\/pages\/1110","targetHints":{"allow":["GET"]}}],"collection":[{"href":"https:\/\/trejodelicatessen.com\/ca\/wp-json\/wp\/v2\/pages"}],"about":[{"href":"https:\/\/trejodelicatessen.com\/ca\/wp-json\/wp\/v2\/types\/page"}],"author":[{"embeddable":true,"href":"https:\/\/trejodelicatessen.com\/ca\/wp-json\/wp\/v2\/users\/1"}],"replies":[{"embeddable":true,"href":"https:\/\/trejodelicatessen.com\/ca\/wp-json\/wp\/v2\/comments?post=1110"}],"version-history":[{"count":4,"href":"https:\/\/trejodelicatessen.com\/ca\/wp-json\/wp\/v2\/pages\/1110\/revisions"}],"predecessor-version":[{"id":1115,"href":"https:\/\/trejodelicatessen.com\/ca\/wp-json\/wp\/v2\/pages\/1110\/revisions\/1115"}],"wp:featuredmedia":[{"embeddable":true,"href":"https:\/\/trejodelicatessen.com\/ca\/wp-json\/wp\/v2\/media\/1988"}],"wp:attachment":[{"href":"https:\/\/trejodelicatessen.com\/ca\/wp-json\/wp\/v2\/media?parent=1110"}],"curies":[{"name":"wp","href":"https:\/\/api.w.org\/{rel}","templated":true}]}}