{"id":1073,"date":"2018-11-06T09:27:29","date_gmt":"2018-11-06T09:27:29","guid":{"rendered":"https:\/\/trejodelicatessen.com\/preguntas-frecuentes\/"},"modified":"2019-01-22T07:58:50","modified_gmt":"2019-01-22T07:58:50","slug":"preguntes-frequents","status":"publish","type":"page","link":"https:\/\/trejodelicatessen.com\/ca\/preguntes-frequents\/","title":{"rendered":"Preguntes Freq\u00fcents"},"content":{"rendered":"<p>[et_pb_section fb_built=&#8221;1&#8243; fullwidth=&#8221;on&#8221; _builder_version=&#8221;3.15&#8243; custom_padding=&#8221;0px|0px|0|0px|false|false&#8221;][et_pb_fullwidth_header title=&#8221;PREGUNTES FREQ\u00dcENTS&#8221; text_orientation=&#8221;center&#8221; _builder_version=&#8221;3.15&#8243; title_font_size_tablet=&#8221;20px&#8221; title_font_size_phone=&#8221;17px&#8221; title_font_size_last_edited=&#8221;on|phone&#8221; background_color=&#8221;rgba(33,3,0,0.3)&#8221; custom_margin=&#8221;-25px||-25px|&#8221;][\/et_pb_fullwidth_header][\/et_pb_section][et_pb_section fb_built=&#8221;1&#8243; _builder_version=&#8221;3.15&#8243; background_image=&#8221;https:\/\/trejodelicatessen.com\/wp-content\/uploads\/2018\/09\/tea_shop_42.jpg&#8221;][et_pb_row _builder_version=&#8221;3.0.48&#8243; background_size=&#8221;initial&#8221; background_position=&#8221;top_left&#8221; background_repeat=&#8221;repeat&#8221;][et_pb_column type=&#8221;4_4&#8243; _builder_version=&#8221;3.0.47&#8243; parallax=&#8221;off&#8221; parallax_method=&#8221;on&#8221;][et_pb_toggle title=&#8221;\u00bfEs el mateix pota negra que pernil ib\u00e8ric? \u00bfQuin \u00e9s millor?&#8221; open_toggle_background_color=&#8221;#f2f2f2&#8243; _builder_version=&#8221;3.15&#8243; title_text_color=&#8221;#aa0a0a&#8221;]Pota negra es refereix al color de la pe\u00fclla, per\u00f2 ni tots els porcs ib\u00e8rics Tenen la pe\u00fclla negra ni la pe\u00fclla negra \u00e9s exclusiva d&#8217;aquesta ra\u00e7a. La m\u00e0xima qualitat ve definida fonamentalment per la ra\u00e7a i l&#8217;alimentaci\u00f3, aix\u00ed que un porc ib\u00e8ric alimentades a base de glans Dara, si l&#8217;assecat i la curaci\u00f3 s\u00f3n els adequats, els millors pernils possibles.[\/et_pb_toggle][et_pb_toggle title=&#8221;En qu\u00e8 es diferencia el pernil serr\u00e0 del pernil ib\u00e8ric?&#8221; open=&#8221;on&#8221; open_toggle_background_color=&#8221;#f2f2f2&#8243; _builder_version=&#8221;3.15&#8243; title_font=&#8221;||||||||&#8221; title_text_color=&#8221;#aa0a0a&#8221;]L&#8217;adjectiu Serr\u00e0 no es refereix ni a una ra\u00e7a ni a una qualitat de pernil; nom\u00e9s indica el tipus de tall, en &#8220;V&#8221;, que s&#8217;ha realitzat per extreure la pota del porc. Aix\u00ed doncs, els pernils serrans tamb\u00e9 poden pert\u00e0nyer a porcs no ib\u00e8rics. De fet, popularment s&#8217;ent\u00e9n per serr\u00e0 el pernil de porc blanc curat a Espanya. La Uni\u00f3 Europea t\u00e9 registrat el Pernil Serrano com Especialitat Tradicional Garantida, de manera que nom\u00e9s pot usar-se aquest nom a les etiquetes si es compleixen certes condicions en el proc\u00e9s d&#8217;elaboraci\u00f3 del producte. B\u00e0sicament s&#8217;exigeix \u200b\u200bun per\u00edode de curaci\u00f3 m\u00ednima, un baix contingut en sal i un determinat gruix de greix.<\/span><\/p>\n<p>[\/et_pb_toggle][et_pb_toggle title=&#8221;Qu\u00e8 s\u00f3n els puntets blancs que apareixen en el pernil?&#8221; open_toggle_background_color=&#8221;#f2f2f2&#8243; _builder_version=&#8221;3.15&#8243; title_font=&#8221;||||||||&#8221; title_text_color=&#8221;#aa0a0a&#8221;]S\u00f3n cristal\u00b7litzacions formades principalment per un amino\u00e0cid anomenat tirosina que apareixen durant la degradaci\u00f3 de les prote\u00efnes. No s\u00f3n perjudicials en absolut. Ben al contrari, acostumen a denotar una curaci\u00f3 i maduraci\u00f3 \u00f2ptimes[\/et_pb_toggle][et_pb_toggle title=&#8221;Quant os hi ha en un pernil?&#8221; open_toggle_background_color=&#8221;#f2f2f2&#8243; _builder_version=&#8221;3.15&#8243; title_font=&#8221;||||||||&#8221; title_text_color=&#8221;#aa0a0a&#8221;]<\/p>\n<p><span lang=\"ca\">Entre el 20% (pota) i el 25% (espatlla) del pes d&#8217;un pernil \u00e9s os.<\/span><\/p>\n<p>[\/et_pb_toggle][et_pb_toggle title=&#8221;\u00bfQuina quantitat de greix t\u00e9 un pernil \/ espatlla?&#8221; open_toggle_background_color=&#8221;#f2f2f2&#8243; _builder_version=&#8221;3.15&#8243; title_font=&#8221;||||||||&#8221; title_text_color=&#8221;#aa0a0a&#8221;]<\/p>\n<p style=\"text-align: justify;\"><span lang=\"ca\">Normalment en una espatlla ib\u00e8rica s&#8217;aprofita un 35% del pes de la pe\u00e7a original, i en un pernil un 45%. \u00c9s a dir: el 65% del pes d&#8217;una espatlla (el 55% en un pernil) correspon a l&#8217;os, pe\u00fclla, escor\u00e7a exterior, i greix sobrant (greix que no es menja)<\/span><\/p>\n<p>[\/et_pb_toggle][et_pb_toggle title=&#8221;Com s&#8217;ha de conservar el pernil a casa?&#8221; open_toggle_background_color=&#8221;#f2f2f2&#8243; _builder_version=&#8221;3.15&#8243; title_font=&#8221;||||||||&#8221; title_text_color=&#8221;#aa0a0a&#8221;]<\/p>\n<p style=\"text-align: justify;\"><span lang=\"ca\">Un cop comen\u00e7at o just abans de fer-ho, el pernil ha de romandre a temperatura ambient en un lloc fresc i sec. La zona tallada s&#8217;haur\u00e0 de cobrir amb el greix del propi pernil per evitar que es ressequi i perdi el seu aroma i sabor.<\/span><\/p>\n<p>[\/et_pb_toggle][et_pb_toggle title=&#8221;Quants m\u00e9s mesos a la bodega, millor \u00e9s el pernil?&#8221; open_toggle_background_color=&#8221;#f2f2f2&#8243; _builder_version=&#8221;3.15&#8243; title_font=&#8221;||||||||&#8221; title_text_color=&#8221;#aa0a0a&#8221;]<\/p>\n<p style=\"text-align: justify;\"><span lang=\"ca\">L&#8217;estada \u00f2ptima en bodega \u00e9s, aproximadament, d&#8217;entre 30 i 48 mesos mesos per als pernils de gla i entre 18 i 28 mesos per a les espatlles. Passat aquest temps es corre el risc que el pernil estigui massa sec. Dependr\u00e0 del pes de la pe\u00e7a<\/span><\/p>\n<p>[\/et_pb_toggle][et_pb_toggle title=&#8221;Els porcs, nom\u00e9s mengen glans?&#8221; open_toggle_background_color=&#8221;#f2f2f2&#8243; _builder_version=&#8221;3.15&#8243; title_font=&#8221;||||||||&#8221; title_text_color=&#8221;#aa0a0a&#8221;]<\/p>\n<p style=\"text-align: justify;\"><span lang=\"ca\">Durant la fase de creixement el porc necessita un altre tipus d&#8217;aliments diferents de la gla per desenvolupar-se i construir la seva estructura \u00f2ssia. Quan el seu pes se situa entre els 80 i els 105 quilos comen\u00e7ar\u00e0 el seu pasturatge a la devesa, on reposar\u00e0 al voltant del 60% del seu pes d&#8217;entrada amb glans i herbes.<\/span><\/p>\n<p>[\/et_pb_toggle][et_pb_toggle title=&#8221;\u00c9s possible saber a simple vista si el pernil \u00e9s de gla?&#8221; open_toggle_background_color=&#8221;#f2f2f2&#8243; _builder_version=&#8221;3.15&#8243; title_font=&#8221;||||||||&#8221; title_text_color=&#8221;#aa0a0a&#8221;]<\/p>\n<p style=\"text-align: justify;\">Exteriorment \u00e9s molt dif\u00edcil saber si el porc s&#8217;ha alimentat \u00fanicament amb gla i herbes o si s&#8217;ha complementat la seva alimentaci\u00f3 amb pinsos. El m\u00e9s segur \u00e9s comprovar l&#8217;etiqueta de certificaci\u00f3 de qualitat atorgada per la denominaci\u00f3 d&#8217;origen o per l&#8217;empresa certificadora. Altres aspectes exteriors en els quals ens podem fixar:<\/p>\n<p style=\"text-align: justify;\">\u2981 El greix de la punta \u00e9s brillant i mal\u00b7leable, fins al punt que permet introduir el dit. El greix del pernil d&#8217;esquer \u00e9s molt m\u00e9s forta, r\u00edgida i resistent.<\/p>\n<p style=\"text-align: justify;\">\u2981 El pernil \u00e9s allargat, d&#8217;uns 90 cm.<\/p>\n<p style=\"text-align: justify;\">\u2981 La canya (turmell) \u00e9s molt estreta. No hauria de tenir m\u00e9s de 4 cm de di\u00e0metre.<\/p>\n<p style=\"text-align: justify;\">\u2981 La pe\u00fclla sol ser negra, encara que hi ha porcs no ib\u00e8rics que tamb\u00e9 la tenen aix\u00ed (ra\u00e7a duroc). \u00c9s veritat que alguns pernils ib\u00e8rics tenen la pe\u00fclla blanca o amb l\u00ednies blanques, per\u00f2 s\u00f3n molt poc habituals. Aix\u00ed doncs, si la pe\u00fclla no \u00e9s negra, millor desconfiar.<\/p>\n<p>[\/et_pb_toggle][et_pb_toggle title=&#8221;Tenen el mateix gust els talls de la pota de pernil i les de l&#8217;espatlla?&#8221; open_toggle_background_color=&#8221;#f2f2f2&#8243; _builder_version=&#8221;3.15&#8243; title_font=&#8221;||||||||&#8221; title_text_color=&#8221;#aa0a0a&#8221;]Es prefereixen els pernils de les extremitats posteriors (pota) als de les anteriors (espatlla), per la seva millor est\u00e8tica a tallar-los a rodanxes, per\u00f2 el gust \u00e9s pr\u00e0cticament el mateix. La difer\u00e8ncia de preu es deu al fet que la proporci\u00f3 de carn \u00e9s m\u00e9s gran en les potes.<\/span><\/p>\n<p>[\/et_pb_toggle][et_pb_toggle title=&#8221;Qu\u00e8 s\u00f3n els \u00e0cids grassos i qu\u00e8 tenen a veure en la qualitat el pernil?&#8221; open_toggle_background_color=&#8221;#f2f2f2&#8243; _builder_version=&#8221;3.15&#8243; title_font=&#8221;||||||||&#8221; title_text_color=&#8221;#aa0a0a&#8221;]<\/p>\n<p style=\"text-align: justify;\"><span class=\"tlid-translation translation\">Els \u00e0cids grassos proporcionen energia i s\u00f3n necessaris per al bon funcionament del nostre organisme. A m\u00e9s, la proporci\u00f3 en qu\u00e8 es troben en el greix del pernil ens pot dir molt sobre la qualitat d&#8217;aquest.<\/span><\/p>\n<p style=\"text-align: justify;\">Hi ha 4 \u00e0cids concretament (Oleic, palm\u00edtic, este\u00e0ric i Linoleic) que s\u00f3n els que millor permeten determinar la qualitat d&#8217;una pe\u00e7a. La t\u00e8cnica m\u00e9s utilitzada es diu cromatografia gasosa i s&#8217;aplica en mostres de greix subcutani o intramuscular. \u00c9s r\u00e0pida i econ\u00f2mica, per\u00f2 d\u00f3na falsos positius si el porc ha menjat pinsos enriquits amb \u00e0cids grassos. \u00c9s a dir, que per l&#8217;an\u00e0lisi pot semblar un pernil de gla, quan en realitat no ho \u00e9s.<\/p>\n<p style=\"text-align: justify;\">El percentatge d&#8217;\u00e0cid oleic en un pernil de gla sol estar per sobre del 55%, mentre que en un dels engreix rarament s&#8217;arriba al 50%. El palm\u00edtic no arriba al 20% en el de gla, per\u00f2 en el d&#8217;engreix pot arribar fins al 25%. El este\u00e0ric ronda el 9% en el pernil de gla i el 12% en el d&#8217;engreix. Finalment, el linoleic s&#8217;acostar\u00e0 al 10% en el de gla i no passar\u00e0 del 8% al d&#8217;engreix. Aquests percentatges poden variar lleugerament en funci\u00f3 de la campanya (millor o pitjor gla) i de la ra\u00e7a del porc, ja que el metabolisme de cada animal \u00e9s diferent. Hem fet servir com a refer\u00e8ncia un \u2981 treball de la Universitat de \u2981 Cordoba.<\/p>\n<p style=\"text-align: justify;\">L&#8217;\u00e0cid oleic \u00e9s cardiosaludable. Ajuda a reduir el colesterol dolent (LDL) i a elevar el colesterol bo (HDL). Tamb\u00e9 el trobem en gran quantitat en l&#8217;oli d&#8217;oliva i l&#8217;alvocat, per exemple. No \u00e9s menys important el linoleic. \u00c9s un \u00e0cid gras essencial, \u00e9s a dir, que el nostre cos no pot crear i que hem de adquir a trav\u00e9s de la dieta. \u00c9s bo per al sistema circulatori, nervi\u00f3s i immunitari. Els altres dos \u00e0cids, el palm\u00edtic i l&#8217;este\u00e0ric, s\u00f3n saturats i s&#8217;han de consumir amb moderaci\u00f3. Aix\u00ed doncs, el pernil de gla t\u00e9 m\u00e9s \u00e0cids &#8220;bons&#8221; i menys \u00e0cids &#8220;dolents&#8221; que el d&#8217;esquer, pel que a m\u00e9s de m\u00e9s ric \u00e9s tamb\u00e9 m\u00e9s saludable.<\/p>\n<p>[\/et_pb_toggle][et_pb_toggle title=&#8221;Tipus de Pernil Ib\u00e8ric: precintes&#8221; open_toggle_background_color=&#8221;#f2f2f2&#8243; _builder_version=&#8221;3.15&#8243; title_font=&#8221;||||||||&#8221; title_text_color=&#8221;#aa0a0a&#8221;]<\/p>\n<p style=\"text-align: left;\"><span class=\"tlid-translation translation\">Etiquetatge pernil ib\u00e8ric: PRECINTOS<br \/> Us presentem els nous colors de precintes:<\/span><\/p>\n<p style=\"text-align: justify;\">Negre, per al Pernil de Gla 100% Ib\u00e8ric (pernils que procedeixen de porcs 100% ib\u00e8rics criats en llibertat a les deveses i alimentats durant la seva \u00faltima fase d&#8217;engreix de pastures naturals, herbes arom\u00e0tiques i glans).<\/p>\n<p style=\"text-align: justify;\"><span class=\"tlid-translation translation\"><img loading=\"lazy\" decoding=\"async\" src=\"https:\/\/trejodelicatessen.com\/wp-content\/uploads\/2019\/01\/1-300x144.png\" alt=\"\" class=\"wp-image-1137 alignnone size-medium\" width=\"300\" height=\"144\" srcset=\"https:\/\/trejodelicatessen.com\/wp-content\/uploads\/2019\/01\/1-300x144.png 300w, https:\/\/trejodelicatessen.com\/wp-content\/uploads\/2019\/01\/1-100x48.png 100w, https:\/\/trejodelicatessen.com\/wp-content\/uploads\/2019\/01\/1.png 355w\" sizes=\"(max-width: 300px) 100vw, 300px\" \/><\/span><\/p>\n<p style=\"text-align: justify;\">Vermell, per el Pernil de Gla Ib\u00e8ric (pernils que procedeixen de porcs creuats pel que no s\u00f3n 100% ib\u00e8rics, criats en llibertat a les deveses i alimentats durant la seva \u00faltima fase d&#8217;engreix de pastures naturals, herbes arom\u00e0tiques i glans).<\/p>\n<p style=\"text-align: justify;\"><span class=\"tlid-translation translation\"><img loading=\"lazy\" decoding=\"async\" src=\"https:\/\/trejodelicatessen.com\/wp-content\/uploads\/2019\/01\/2-300x136.png\" alt=\"\" class=\"wp-image-1139 alignnone size-medium\" width=\"300\" height=\"136\" srcset=\"https:\/\/trejodelicatessen.com\/wp-content\/uploads\/2019\/01\/2-300x136.png 300w, https:\/\/trejodelicatessen.com\/wp-content\/uploads\/2019\/01\/2-100x45.png 100w, https:\/\/trejodelicatessen.com\/wp-content\/uploads\/2019\/01\/2.png 376w\" sizes=\"(max-width: 300px) 100vw, 300px\" \/><\/span><\/p>\n<p style=\"text-align: justify;\">Verd, per al Pernil de Esquer de Camp Ib\u00e8ric (pernils que procedeixen de porcs alimentats de pinsos i que poden ser complementats de pastures naturals). Podem trobar-los 100% ib\u00e8rics, ib\u00e8rics el 75% i ib\u00e8rics del 50%.<\/p>\n<p style=\"text-align: justify;\"><span class=\"tlid-translation translation\"><img loading=\"lazy\" decoding=\"async\" src=\"https:\/\/trejodelicatessen.com\/wp-content\/uploads\/2019\/01\/3-1-300x136.png\" alt=\"\" class=\"wp-image-1141 alignnone size-medium\" width=\"300\" height=\"136\" srcset=\"https:\/\/trejodelicatessen.com\/wp-content\/uploads\/2019\/01\/3-1-300x136.png 300w, https:\/\/trejodelicatessen.com\/wp-content\/uploads\/2019\/01\/3-1-100x45.png 100w, https:\/\/trejodelicatessen.com\/wp-content\/uploads\/2019\/01\/3-1.png 376w\" sizes=\"(max-width: 300px) 100vw, 300px\" \/><\/span><\/p>\n<p style=\"text-align: justify;\">Blanco, per al Pernil de Esquer Ib\u00e8ric (pernils que procedeixen de porcs alimentats amb pinsos compostos per cereals i llegums i criats en estables o engreixadors, en r\u00e8gim intensiu. Podem trobar-los 100% ib\u00e8rics, ib\u00e8rics el 75% i ib\u00e8rics del 50%.<\/p>\n<p style=\"text-align: justify;\"><span class=\"tlid-translation translation\"><img loading=\"lazy\" decoding=\"async\" src=\"https:\/\/trejodelicatessen.com\/wp-content\/uploads\/2019\/01\/4-1-300x136.png\" alt=\"\" class=\"wp-image-1143 alignnone size-medium\" width=\"300\" height=\"136\" srcset=\"https:\/\/trejodelicatessen.com\/wp-content\/uploads\/2019\/01\/4-1-300x136.png 300w, https:\/\/trejodelicatessen.com\/wp-content\/uploads\/2019\/01\/4-1-100x45.png 100w, https:\/\/trejodelicatessen.com\/wp-content\/uploads\/2019\/01\/4-1.png 376w\" sizes=\"(max-width: 300px) 100vw, 300px\" \/><\/span><br \/> Tant en les peces de color vermell, verd o blanc els comercialitzadors han d&#8217;especificar el percentatge de ra\u00e7a ib\u00e8rica que cont\u00e9 el producte, que ser\u00e0 almenys, ib\u00e8ric en un 50%.<\/p>\n<p>[\/et_pb_toggle][\/et_pb_column][\/et_pb_row][\/et_pb_section]<\/p>\n","protected":false},"excerpt":{"rendered":"<p>Pota negra es refereix al color de la pe\u00fclla, per\u00f2 ni tots els porcs ib\u00e8rics Tenen la pe\u00fclla negra ni la pe\u00fclla negra \u00e9s exclusiva d&#8217;aquesta ra\u00e7a. La m\u00e0xima qualitat ve definida fonamentalment per la ra\u00e7a i l&#8217;alimentaci\u00f3, aix\u00ed que un porc ib\u00e8ric alimentades a base de glans Dara, si l&#8217;assecat i la curaci\u00f3 s\u00f3n [&hellip;]<\/p>\n","protected":false},"author":1,"featured_media":0,"parent":0,"menu_order":0,"comment_status":"closed","ping_status":"closed","template":"","meta":{"_et_pb_use_builder":"on","_et_pb_old_content":"","_et_gb_content_width":"","footnotes":""},"class_list":["post-1073","page","type-page","status-publish","hentry"],"_links":{"self":[{"href":"https:\/\/trejodelicatessen.com\/ca\/wp-json\/wp\/v2\/pages\/1073","targetHints":{"allow":["GET"]}}],"collection":[{"href":"https:\/\/trejodelicatessen.com\/ca\/wp-json\/wp\/v2\/pages"}],"about":[{"href":"https:\/\/trejodelicatessen.com\/ca\/wp-json\/wp\/v2\/types\/page"}],"author":[{"embeddable":true,"href":"https:\/\/trejodelicatessen.com\/ca\/wp-json\/wp\/v2\/users\/1"}],"replies":[{"embeddable":true,"href":"https:\/\/trejodelicatessen.com\/ca\/wp-json\/wp\/v2\/comments?post=1073"}],"version-history":[{"count":8,"href":"https:\/\/trejodelicatessen.com\/ca\/wp-json\/wp\/v2\/pages\/1073\/revisions"}],"predecessor-version":[{"id":1172,"href":"https:\/\/trejodelicatessen.com\/ca\/wp-json\/wp\/v2\/pages\/1073\/revisions\/1172"}],"wp:attachment":[{"href":"https:\/\/trejodelicatessen.com\/ca\/wp-json\/wp\/v2\/media?parent=1073"}],"curies":[{"name":"wp","href":"https:\/\/api.w.org\/{rel}","templated":true}]}}